{"id":255,"date":"2026-03-03T12:16:04","date_gmt":"2026-03-03T12:16:04","guid":{"rendered":"https:\/\/novo.cfc.adv.br\/?page_id=255"},"modified":"2026-03-17T19:15:41","modified_gmt":"2026-03-17T19:15:41","slug":"contato","status":"publish","type":"page","link":"https:\/\/cfc.adv.br\/site\/contato\/","title":{"rendered":"Contato"},"content":{"rendered":"\t\t<div data-elementor-type=\"wp-page\" data-elementor-id=\"255\" class=\"elementor elementor-255\" data-elementor-post-type=\"page\">\n\t\t\t\t<div class=\"elementor-element elementor-element-8015e53 e-flex e-con-boxed e-con e-parent\" data-id=\"8015e53\" data-element_type=\"container\" data-e-type=\"container\">\n\t\t\t\t\t<div class=\"e-con-inner\">\n\t\t<div class=\"elementor-element elementor-element-4170951 e-con-full e-flex e-con e-child\" data-id=\"4170951\" data-element_type=\"container\" data-e-type=\"container\" data-settings=\"{&quot;background_background&quot;:&quot;classic&quot;}\">\n\t\t<div class=\"elementor-element elementor-element-4f7bb1d e-con-full e-flex e-con e-child\" data-id=\"4f7bb1d\" data-element_type=\"container\" data-e-type=\"container\" data-settings=\"{&quot;background_background&quot;:&quot;classic&quot;}\">\n\t\t\t\t<div class=\"elementor-element elementor-element-76eaf5e elementor-invisible elementor-widget elementor-widget-heading\" data-id=\"76eaf5e\" data-element_type=\"widget\" data-e-type=\"widget\" data-settings=\"{&quot;_animation&quot;:&quot;fadeInUp&quot;}\" data-widget_type=\"heading.default\">\n\t\t\t\t\t<h2 class=\"elementor-heading-title elementor-size-default\">Contato<\/h2>\t\t\t\t<\/div>\n\t\t\t\t<\/div>\n\t\t<div class=\"elementor-element elementor-element-a994b70 e-con-full e-flex e-con e-child\" data-id=\"a994b70\" data-element_type=\"container\" data-e-type=\"container\">\n\t\t\t\t<\/div>\n\t\t\t\t<\/div>\n\t\t\t\t\t<\/div>\n\t\t\t\t<\/div>\n\t\t<div class=\"elementor-element elementor-element-d46f679 e-flex e-con-boxed e-con e-parent\" data-id=\"d46f679\" data-element_type=\"container\" data-e-type=\"container\">\n\t\t\t\t\t<div class=\"e-con-inner\">\n\t\t\t\t<div class=\"elementor-element elementor-element-0932eda elementor-invisible elementor-widget elementor-widget-image\" data-id=\"0932eda\" data-element_type=\"widget\" data-e-type=\"widget\" data-settings=\"{&quot;_animation&quot;:&quot;fadeInDown&quot;}\" data-widget_type=\"image.default\">\n\t\t\t\t\t\t\t\t\t\t\t\t\t\t\t<img fetchpriority=\"high\" decoding=\"async\" width=\"616\" height=\"216\" src=\"https:\/\/cfc.adv.br\/site\/wp-content\/uploads\/2026\/03\/CFC_reducao_LogoVerde_FundoTransparente-3.png\" class=\"attachment-full size-full wp-image-22\" alt=\"\" srcset=\"https:\/\/cfc.adv.br\/site\/wp-content\/uploads\/2026\/03\/CFC_reducao_LogoVerde_FundoTransparente-3.png 616w, https:\/\/cfc.adv.br\/site\/wp-content\/uploads\/2026\/03\/CFC_reducao_LogoVerde_FundoTransparente-3-300x105.png 300w\" sizes=\"(max-width: 616px) 100vw, 616px\" \/>\t\t\t\t\t\t\t\t\t\t\t\t\t\t\t<\/div>\n\t\t\t\t<div class=\"elementor-element elementor-element-1b928e2 elementor-invisible elementor-widget elementor-widget-heading\" data-id=\"1b928e2\" data-element_type=\"widget\" data-e-type=\"widget\" data-settings=\"{&quot;_animation&quot;:&quot;fadeInUp&quot;}\" data-widget_type=\"heading.default\">\n\t\t\t\t\t<h2 class=\"elementor-heading-title elementor-size-default\">Entre em contato com o escrit\u00f3rio<\/h2>\t\t\t\t<\/div>\n\t\t\t\t<div class=\"elementor-element elementor-element-9eb616d elementor-widget__width-initial elementor-invisible elementor-widget elementor-widget-text-editor\" data-id=\"9eb616d\" data-element_type=\"widget\" data-e-type=\"widget\" data-settings=\"{&quot;_animation&quot;:&quot;fadeIn&quot;}\" data-widget_type=\"text-editor.default\">\n\t\t\t\t\t\t\t\t\t<p>Utilize os canais abaixo para falar conosco. Nossa equipe est\u00e1 dispon\u00edvel para orientar sobre nossa forma de atua\u00e7\u00e3o e agendar um primeiro contato.<\/p>\t\t\t\t\t\t\t\t<\/div>\n\t\t\t\t\t<\/div>\n\t\t\t\t<\/div>\n\t\t<div class=\"elementor-element elementor-element-7c305f7 e-flex e-con-boxed e-con e-parent\" data-id=\"7c305f7\" data-element_type=\"container\" data-e-type=\"container\">\n\t\t\t\t\t<div class=\"e-con-inner\">\n\t\t<div class=\"elementor-element elementor-element-afe0e03 e-con-full e-flex e-con e-child\" data-id=\"afe0e03\" data-element_type=\"container\" data-e-type=\"container\">\n\t\t<div class=\"elementor-element elementor-element-c44d5ec e-con-full e-flex elementor-invisible e-con e-child\" data-id=\"c44d5ec\" data-element_type=\"container\" data-e-type=\"container\" data-settings=\"{&quot;background_background&quot;:&quot;classic&quot;,&quot;animation&quot;:&quot;fadeInLeft&quot;}\">\n\t\t\t\t<div class=\"elementor-element elementor-element-2f7a741 elementor-widget__width-initial elementor-widget elementor-widget-image\" data-id=\"2f7a741\" data-element_type=\"widget\" data-e-type=\"widget\" data-widget_type=\"image.default\">\n\t\t\t\t\t\t\t\t\t\t\t\t\t\t\t<img decoding=\"async\" width=\"157\" height=\"151\" src=\"https:\/\/cfc.adv.br\/site\/wp-content\/uploads\/2026\/03\/icon-telefone.png\" class=\"attachment-full size-full wp-image-263\" alt=\"\" \/>\t\t\t\t\t\t\t\t\t\t\t\t\t\t\t<\/div>\n\t\t\t\t<div class=\"elementor-element elementor-element-a5d84f0 elementor-widget elementor-widget-heading\" data-id=\"a5d84f0\" data-element_type=\"widget\" data-e-type=\"widget\" data-widget_type=\"heading.default\">\n\t\t\t\t\t<h2 class=\"elementor-heading-title elementor-size-default\">Telefone<\/h2>\t\t\t\t<\/div>\n\t\t\t\t<div class=\"elementor-element elementor-element-27cfa11 elementor-widget elementor-widget-text-editor\" data-id=\"27cfa11\" data-element_type=\"widget\" data-e-type=\"widget\" data-widget_type=\"text-editor.default\">\n\t\t\t\t\t\t\t\t\t<p>(14) 3732-0444<\/p>\t\t\t\t\t\t\t\t<\/div>\n\t\t\t\t<\/div>\n\t\t<div class=\"elementor-element elementor-element-aa5e0de e-con-full e-flex elementor-invisible e-con e-child\" data-id=\"aa5e0de\" data-element_type=\"container\" data-e-type=\"container\" data-settings=\"{&quot;background_background&quot;:&quot;classic&quot;,&quot;animation&quot;:&quot;fadeInUp&quot;}\">\n\t\t\t\t<div class=\"elementor-element elementor-element-6a1e2cf elementor-widget__width-initial elementor-widget elementor-widget-image\" data-id=\"6a1e2cf\" data-element_type=\"widget\" data-e-type=\"widget\" data-widget_type=\"image.default\">\n\t\t\t\t\t\t\t\t\t\t\t\t\t\t\t<img decoding=\"async\" width=\"157\" height=\"151\" src=\"https:\/\/cfc.adv.br\/site\/wp-content\/uploads\/2026\/03\/icon-wpp.png\" class=\"attachment-full size-full wp-image-262\" alt=\"\" \/>\t\t\t\t\t\t\t\t\t\t\t\t\t\t\t<\/div>\n\t\t\t\t<div class=\"elementor-element elementor-element-1d0e5ad elementor-widget elementor-widget-heading\" data-id=\"1d0e5ad\" data-element_type=\"widget\" data-e-type=\"widget\" data-widget_type=\"heading.default\">\n\t\t\t\t\t<h2 class=\"elementor-heading-title elementor-size-default\">WhatsApp<\/h2>\t\t\t\t<\/div>\n\t\t\t\t<div class=\"elementor-element elementor-element-fe29c8d elementor-widget elementor-widget-text-editor\" data-id=\"fe29c8d\" data-element_type=\"widget\" data-e-type=\"widget\" data-widget_type=\"text-editor.default\">\n\t\t\t\t\t\t\t\t\t<p>(14) 99120-3453<\/p>\t\t\t\t\t\t\t\t<\/div>\n\t\t\t\t<\/div>\n\t\t<div class=\"elementor-element elementor-element-e63723d e-con-full e-flex elementor-invisible e-con e-child\" data-id=\"e63723d\" data-element_type=\"container\" data-e-type=\"container\" data-settings=\"{&quot;background_background&quot;:&quot;classic&quot;,&quot;animation&quot;:&quot;fadeInRight&quot;}\">\n\t\t\t\t<div class=\"elementor-element elementor-element-9f32b3d elementor-widget__width-initial elementor-widget elementor-widget-image\" data-id=\"9f32b3d\" data-element_type=\"widget\" data-e-type=\"widget\" data-widget_type=\"image.default\">\n\t\t\t\t\t\t\t\t\t\t\t\t\t\t\t<img loading=\"lazy\" decoding=\"async\" width=\"157\" height=\"151\" src=\"https:\/\/cfc.adv.br\/site\/wp-content\/uploads\/2026\/03\/icon-atendimento.png\" class=\"attachment-full size-full wp-image-261\" alt=\"\" \/>\t\t\t\t\t\t\t\t\t\t\t\t\t\t\t<\/div>\n\t\t\t\t<div class=\"elementor-element elementor-element-fa82288 elementor-widget elementor-widget-heading\" data-id=\"fa82288\" data-element_type=\"widget\" data-e-type=\"widget\" data-widget_type=\"heading.default\">\n\t\t\t\t\t<h2 class=\"elementor-heading-title elementor-size-default\">Atendimento<\/h2>\t\t\t\t<\/div>\n\t\t\t\t<div class=\"elementor-element elementor-element-e7d1f6d elementor-widget elementor-widget-text-editor\" data-id=\"e7d1f6d\" data-element_type=\"widget\" data-e-type=\"widget\" data-widget_type=\"text-editor.default\">\n\t\t\t\t\t\t\t\t\t<p>Segunda a Sexta&#8230;<\/p>\t\t\t\t\t\t\t\t<\/div>\n\t\t\t\t<\/div>\n\t\t\t\t<\/div>\n\t\t<div class=\"elementor-element elementor-element-e2a1c70 e-con-full e-flex elementor-invisible e-con e-child\" data-id=\"e2a1c70\" data-element_type=\"container\" data-e-type=\"container\" data-settings=\"{&quot;background_background&quot;:&quot;classic&quot;,&quot;animation&quot;:&quot;fadeInUp&quot;}\">\n\t\t<div class=\"elementor-element elementor-element-bec2f18 e-con-full e-flex e-con e-child\" data-id=\"bec2f18\" data-element_type=\"container\" data-e-type=\"container\">\n\t\t\t\t<div class=\"elementor-element elementor-element-4dab6a4 elementor-position-left elementor-vertical-align-middle elementor-widget elementor-widget-image-box\" data-id=\"4dab6a4\" data-element_type=\"widget\" data-e-type=\"widget\" data-widget_type=\"image-box.default\">\n\t\t\t\t\t<div class=\"elementor-image-box-wrapper\"><figure class=\"elementor-image-box-img\"><img loading=\"lazy\" decoding=\"async\" width=\"156\" height=\"150\" src=\"https:\/\/cfc.adv.br\/site\/wp-content\/uploads\/2026\/03\/icon-maps-2.png\" class=\"attachment-full size-full wp-image-266\" alt=\"\" \/><\/figure><div class=\"elementor-image-box-content\"><h3 class=\"elementor-image-box-title\">Endere\u00e7o:<\/h3><p class=\"elementor-image-box-description\">Rua Domiciano Santana, 1.306 \u2013 Salas 01 e 02 - Centro \u2013 Avar\u00e9\/SP \u2013 CEP 18700-080<\/p><\/div><\/div>\t\t\t\t<\/div>\n\t\t\t\t<\/div>\n\t\t<div class=\"elementor-element elementor-element-1fd702c e-con-full e-flex e-con e-child\" data-id=\"1fd702c\" data-element_type=\"container\" data-e-type=\"container\">\n\t\t\t\t<div class=\"elementor-element elementor-element-6dc64a9 elementor-widget elementor-widget-image\" data-id=\"6dc64a9\" data-element_type=\"widget\" data-e-type=\"widget\" data-widget_type=\"image.default\">\n\t\t\t\t\t\t\t\t\t\t\t\t\t\t\t\t<a href=\"https:\/\/www.google.com\/maps\/place\/R.+Domiciano+Santana,+1306+-+Centro,+Avar%C3%A9+-+SP,+18700-080\/@-23.0998769,-48.9244815,17.5z\/data=!4m5!3m4!1s0x94c126867e871e89:0x377ad11ecee65b14!8m2!3d-23.0998611!4d-48.9248284?entry=ttu&#038;g_ep=EgoyMDI2MDMwMS4xIKXMDSoASAFQAw%3D%3D\" target=\"_blank\">\n\t\t\t\t\t\t\t<img loading=\"lazy\" decoding=\"async\" width=\"747\" height=\"348\" src=\"https:\/\/cfc.adv.br\/site\/wp-content\/uploads\/2026\/03\/maps-cfc.jpg\" class=\"attachment-full size-full wp-image-264\" alt=\"\" srcset=\"https:\/\/cfc.adv.br\/site\/wp-content\/uploads\/2026\/03\/maps-cfc.jpg 747w, https:\/\/cfc.adv.br\/site\/wp-content\/uploads\/2026\/03\/maps-cfc-300x140.jpg 300w\" sizes=\"(max-width: 747px) 100vw, 747px\" \/>\t\t\t\t\t\t\t\t<\/a>\n\t\t\t\t\t\t\t\t\t\t\t\t\t\t\t<\/div>\n\t\t\t\t<\/div>\n\t\t\t\t<\/div>\n\t\t\t\t\t<\/div>\n\t\t\t\t<\/div>\n\t\t\t\t<\/div>\n\t\t","protected":false},"excerpt":{"rendered":"<p>Contato Entre em contato com o escrit\u00f3rio Utilize os canais abaixo para falar conosco. Nossa equipe est\u00e1 dispon\u00edvel para orientar sobre nossa forma de atua\u00e7\u00e3o e agendar um primeiro contato. Telefone (14) 3732-0444 WhatsApp (14) 99120-3453 Atendimento Segunda a Sexta&#8230; Endere\u00e7o: Rua Domiciano Santana, 1.306 \u2013 Salas 01 e 02 &#8211; Centro \u2013 Avar\u00e9\/SP \u2013 [&hellip;]<\/p>\n","protected":false},"author":1,"featured_media":0,"parent":0,"menu_order":0,"comment_status":"closed","ping_status":"closed","template":"elementor_header_footer","meta":{"footnotes":""},"class_list":["post-255","page","type-page","status-publish","hentry"],"yoast_head":"<!-- This site is optimized with the Yoast SEO plugin v27.4 - https:\/\/yoast.com\/product\/yoast-seo-wordpress\/ -->\n<title>Contato - Cegarra Ferreira Advogados<\/title>\n<meta name=\"robots\" content=\"index, follow, max-snippet:-1, max-image-preview:large, max-video-preview:-1\" \/>\n<link rel=\"canonical\" href=\"https:\/\/cfc.adv.br\/site\/contato\/\" \/>\n<meta property=\"og:locale\" content=\"pt_BR\" \/>\n<meta property=\"og:type\" content=\"article\" \/>\n<meta property=\"og:title\" content=\"Contato - Cegarra Ferreira Advogados\" \/>\n<meta property=\"og:description\" content=\"Contato Entre em contato com o escrit\u00f3rio Utilize os canais abaixo para falar conosco. Nossa equipe est\u00e1 dispon\u00edvel para orientar sobre nossa forma de atua\u00e7\u00e3o e agendar um primeiro contato. Telefone (14) 3732-0444 WhatsApp (14) 99120-3453 Atendimento Segunda a Sexta&#8230; Endere\u00e7o: Rua Domiciano Santana, 1.306 \u2013 Salas 01 e 02 &#8211; Centro \u2013 Avar\u00e9\/SP \u2013 [&hellip;]\" \/>\n<meta property=\"og:url\" content=\"https:\/\/cfc.adv.br\/site\/contato\/\" \/>\n<meta property=\"og:site_name\" content=\"Cegarra Ferreira Advogados\" \/>\n<meta property=\"article:modified_time\" content=\"2026-03-17T19:15:41+00:00\" \/>\n<meta property=\"og:image\" content=\"https:\/\/novo.cfc.adv.br\/wp-content\/uploads\/2026\/03\/CFC_reducao_LogoVerde_FundoTransparente-3.png\" \/>\n<meta name=\"twitter:card\" content=\"summary_large_image\" \/>\n<meta name=\"twitter:label1\" content=\"Est. tempo de leitura\" \/>\n\t<meta name=\"twitter:data1\" content=\"1 minuto\" \/>\n<script type=\"application\/ld+json\" class=\"yoast-schema-graph\">{\"@context\":\"https:\\\/\\\/schema.org\",\"@graph\":[{\"@type\":\"WebPage\",\"@id\":\"https:\\\/\\\/cfc.adv.br\\\/site\\\/contato\\\/\",\"url\":\"https:\\\/\\\/cfc.adv.br\\\/site\\\/contato\\\/\",\"name\":\"Contato - Cegarra Ferreira Advogados\",\"isPartOf\":{\"@id\":\"https:\\\/\\\/cfc.adv.br\\\/site\\\/#website\"},\"primaryImageOfPage\":{\"@id\":\"https:\\\/\\\/cfc.adv.br\\\/site\\\/contato\\\/#primaryimage\"},\"image\":{\"@id\":\"https:\\\/\\\/cfc.adv.br\\\/site\\\/contato\\\/#primaryimage\"},\"thumbnailUrl\":\"https:\\\/\\\/novo.cfc.adv.br\\\/wp-content\\\/uploads\\\/2026\\\/03\\\/CFC_reducao_LogoVerde_FundoTransparente-3.png\",\"datePublished\":\"2026-03-03T12:16:04+00:00\",\"dateModified\":\"2026-03-17T19:15:41+00:00\",\"breadcrumb\":{\"@id\":\"https:\\\/\\\/cfc.adv.br\\\/site\\\/contato\\\/#breadcrumb\"},\"inLanguage\":\"pt-BR\",\"potentialAction\":[{\"@type\":\"ReadAction\",\"target\":[\"https:\\\/\\\/cfc.adv.br\\\/site\\\/contato\\\/\"]}]},{\"@type\":\"ImageObject\",\"inLanguage\":\"pt-BR\",\"@id\":\"https:\\\/\\\/cfc.adv.br\\\/site\\\/contato\\\/#primaryimage\",\"url\":\"https:\\\/\\\/novo.cfc.adv.br\\\/wp-content\\\/uploads\\\/2026\\\/03\\\/CFC_reducao_LogoVerde_FundoTransparente-3.png\",\"contentUrl\":\"https:\\\/\\\/novo.cfc.adv.br\\\/wp-content\\\/uploads\\\/2026\\\/03\\\/CFC_reducao_LogoVerde_FundoTransparente-3.png\"},{\"@type\":\"BreadcrumbList\",\"@id\":\"https:\\\/\\\/cfc.adv.br\\\/site\\\/contato\\\/#breadcrumb\",\"itemListElement\":[{\"@type\":\"ListItem\",\"position\":1,\"name\":\"Home\",\"item\":\"https:\\\/\\\/cfc.adv.br\\\/site\\\/\"},{\"@type\":\"ListItem\",\"position\":2,\"name\":\"Contato\"}]},{\"@type\":\"WebSite\",\"@id\":\"https:\\\/\\\/cfc.adv.br\\\/site\\\/#website\",\"url\":\"https:\\\/\\\/cfc.adv.br\\\/site\\\/\",\"name\":\"Cegarra Ferreira Advogados\",\"description\":\"\",\"potentialAction\":[{\"@type\":\"SearchAction\",\"target\":{\"@type\":\"EntryPoint\",\"urlTemplate\":\"https:\\\/\\\/cfc.adv.br\\\/site\\\/?s={search_term_string}\"},\"query-input\":{\"@type\":\"PropertyValueSpecification\",\"valueRequired\":true,\"valueName\":\"search_term_string\"}}],\"inLanguage\":\"pt-BR\"}]}<\/script>\n<!-- \/ Yoast SEO plugin. -->","yoast_head_json":{"title":"Contato - Cegarra Ferreira Advogados","robots":{"index":"index","follow":"follow","max-snippet":"max-snippet:-1","max-image-preview":"max-image-preview:large","max-video-preview":"max-video-preview:-1"},"canonical":"https:\/\/cfc.adv.br\/site\/contato\/","og_locale":"pt_BR","og_type":"article","og_title":"Contato - Cegarra Ferreira Advogados","og_description":"Contato Entre em contato com o escrit\u00f3rio Utilize os canais abaixo para falar conosco. Nossa equipe est\u00e1 dispon\u00edvel para orientar sobre nossa forma de atua\u00e7\u00e3o e agendar um primeiro contato. Telefone (14) 3732-0444 WhatsApp (14) 99120-3453 Atendimento Segunda a Sexta&#8230; Endere\u00e7o: Rua Domiciano Santana, 1.306 \u2013 Salas 01 e 02 &#8211; Centro \u2013 Avar\u00e9\/SP \u2013 [&hellip;]","og_url":"https:\/\/cfc.adv.br\/site\/contato\/","og_site_name":"Cegarra Ferreira Advogados","article_modified_time":"2026-03-17T19:15:41+00:00","og_image":[{"url":"https:\/\/novo.cfc.adv.br\/wp-content\/uploads\/2026\/03\/CFC_reducao_LogoVerde_FundoTransparente-3.png","type":"","width":"","height":""}],"twitter_card":"summary_large_image","twitter_misc":{"Est. tempo de leitura":"1 minuto"},"schema":{"@context":"https:\/\/schema.org","@graph":[{"@type":"WebPage","@id":"https:\/\/cfc.adv.br\/site\/contato\/","url":"https:\/\/cfc.adv.br\/site\/contato\/","name":"Contato - Cegarra Ferreira Advogados","isPartOf":{"@id":"https:\/\/cfc.adv.br\/site\/#website"},"primaryImageOfPage":{"@id":"https:\/\/cfc.adv.br\/site\/contato\/#primaryimage"},"image":{"@id":"https:\/\/cfc.adv.br\/site\/contato\/#primaryimage"},"thumbnailUrl":"https:\/\/novo.cfc.adv.br\/wp-content\/uploads\/2026\/03\/CFC_reducao_LogoVerde_FundoTransparente-3.png","datePublished":"2026-03-03T12:16:04+00:00","dateModified":"2026-03-17T19:15:41+00:00","breadcrumb":{"@id":"https:\/\/cfc.adv.br\/site\/contato\/#breadcrumb"},"inLanguage":"pt-BR","potentialAction":[{"@type":"ReadAction","target":["https:\/\/cfc.adv.br\/site\/contato\/"]}]},{"@type":"ImageObject","inLanguage":"pt-BR","@id":"https:\/\/cfc.adv.br\/site\/contato\/#primaryimage","url":"https:\/\/novo.cfc.adv.br\/wp-content\/uploads\/2026\/03\/CFC_reducao_LogoVerde_FundoTransparente-3.png","contentUrl":"https:\/\/novo.cfc.adv.br\/wp-content\/uploads\/2026\/03\/CFC_reducao_LogoVerde_FundoTransparente-3.png"},{"@type":"BreadcrumbList","@id":"https:\/\/cfc.adv.br\/site\/contato\/#breadcrumb","itemListElement":[{"@type":"ListItem","position":1,"name":"Home","item":"https:\/\/cfc.adv.br\/site\/"},{"@type":"ListItem","position":2,"name":"Contato"}]},{"@type":"WebSite","@id":"https:\/\/cfc.adv.br\/site\/#website","url":"https:\/\/cfc.adv.br\/site\/","name":"Cegarra Ferreira Advogados","description":"","potentialAction":[{"@type":"SearchAction","target":{"@type":"EntryPoint","urlTemplate":"https:\/\/cfc.adv.br\/site\/?s={search_term_string}"},"query-input":{"@type":"PropertyValueSpecification","valueRequired":true,"valueName":"search_term_string"}}],"inLanguage":"pt-BR"}]}},"_links":{"self":[{"href":"https:\/\/cfc.adv.br\/site\/wp-json\/wp\/v2\/pages\/255","targetHints":{"allow":["GET"]}}],"collection":[{"href":"https:\/\/cfc.adv.br\/site\/wp-json\/wp\/v2\/pages"}],"about":[{"href":"https:\/\/cfc.adv.br\/site\/wp-json\/wp\/v2\/types\/page"}],"author":[{"embeddable":true,"href":"https:\/\/cfc.adv.br\/site\/wp-json\/wp\/v2\/users\/1"}],"replies":[{"embeddable":true,"href":"https:\/\/cfc.adv.br\/site\/wp-json\/wp\/v2\/comments?post=255"}],"version-history":[{"count":22,"href":"https:\/\/cfc.adv.br\/site\/wp-json\/wp\/v2\/pages\/255\/revisions"}],"predecessor-version":[{"id":561,"href":"https:\/\/cfc.adv.br\/site\/wp-json\/wp\/v2\/pages\/255\/revisions\/561"}],"wp:attachment":[{"href":"https:\/\/cfc.adv.br\/site\/wp-json\/wp\/v2\/media?parent=255"}],"curies":[{"name":"wp","href":"https:\/\/api.w.org\/{rel}","templated":true}]}}